{"id":13,"date":"2023-12-19T16:32:37","date_gmt":"2023-12-19T19:32:37","guid":{"rendered":"https:\/\/ccmed.com.br\/sepse\/?page_id=13"},"modified":"2024-04-13T19:52:59","modified_gmt":"2024-04-13T22:52:59","slug":"mensagem-da-comissao","status":"publish","type":"page","link":"https:\/\/eventogyn.com.br\/semanadeenfermagem\/mensagem-da-comissao\/","title":{"rendered":"Mensagem da Comiss\u00e3o"},"content":{"rendered":"\t\t<div data-elementor-type=\"wp-page\" data-elementor-id=\"13\" class=\"elementor elementor-13\" data-elementor-post-type=\"page\">\n\t\t\t\t<div class=\"elementor-element elementor-element-81d19d0 e-flex e-con-boxed e-con e-parent\" data-id=\"81d19d0\" data-element_type=\"container\" data-settings=\"{&quot;background_background&quot;:&quot;classic&quot;}\">\n\t\t\t\t\t<div class=\"e-con-inner\">\n\t\t\t\t\t<\/div>\n\t\t\t\t<\/div>\n\t\t\t\t<section class=\"elementor-section elementor-top-section elementor-element elementor-element-4fb824 elementor-reverse-mobile elementor-section-boxed elementor-section-height-default elementor-section-height-default\" data-id=\"4fb824\" data-element_type=\"section\" data-settings=\"{&quot;background_background&quot;:&quot;classic&quot;}\">\n\t\t\t\t\t\t<div class=\"elementor-container elementor-column-gap-default\">\n\t\t\t\t\t<div class=\"elementor-column elementor-col-100 elementor-top-column elementor-element elementor-element-7ad7da\" data-id=\"7ad7da\" data-element_type=\"column\">\n\t\t\t<div class=\"elementor-widget-wrap elementor-element-populated\">\n\t\t\t\t\t\t<div class=\"elementor-element elementor-element-460dff4 elementor-widget elementor-widget-text-editor\" data-id=\"460dff4\" data-element_type=\"widget\" data-widget_type=\"text-editor.default\">\n\t\t\t\t<div class=\"elementor-widget-container\">\n\t\t\t\t\t\t\t\t\t<p style=\"text-align: center;\"><strong>XXI SEMANA DE ENFERMAGEM<\/strong><br \/><strong>XV MOSTRA CIENT\u00cdFICA\u00a0<\/strong><\/p><p style=\"text-align: center;\"><strong>TECNOLOGIAS PARA A INOVA\u00c7\u00c3O DO CUIDADO DE ENFERMAGEM COMO FERRAMENTA PARA EXISTIR, RESITIR E EVOLUIR<\/strong><\/p><p><strong>Apresenta\u00e7\u00e3o\u00a0<\/strong><\/p><p>A profiss\u00e3o Enfermagem tem origem milenar e, em seu princ\u00edpio, se referia a quem cuidava dos desfavorecidos e doentes na comunidade. Mais tarde, as atividades da Enfermagem foram associadas a caridade e a institui\u00e7\u00f5es religiosas. Por volta de 1859, partindo de suas experi\u00eancias profissionais, Florence Nightingale, prop\u00f4s o projeto de cria\u00e7\u00e3o da Escola de Enfermagem do Hospital St Thomas, em Londres, com o objetivo de incorporar o car\u00e1ter acad\u00eamico e cient\u00edfico a profiss\u00e3o. Atualmente, a Enfermagem \u00e9 uma profiss\u00e3o reconhecida pelo comprometimento com a produ\u00e7\u00e3o cient\u00edfica e tecnol\u00f3gica para a sa\u00fade e o bem-estar do ser humano.<\/p><p>Como categoria profissional da sa\u00fade mais numerosa globalmente, a Enfermagem ocupa uma posi\u00e7\u00e3o especial pela interface entre o sistema de sa\u00fade e a comunidade, o que permite ao profissional observar, ouvir e conhecer como as pol\u00edticas e a\u00e7\u00f5es afeta as pessoas e suas comunidades.<\/p><p>O desenvolvimento t\u00e9cnico e tecnol\u00f3gico observados nas \u00faltimas d\u00e9cadas, t\u00eam proporcionado avan\u00e7os na \u00e1rea da sa\u00fade e a Enfermagem \u00e9 protagonista na produ\u00e7\u00e3o de diferentes tipos de tecnologia e inova\u00e7\u00e3o, bem como o seu consumo para qualificar e otimizar o cuidado em sa\u00fade nos diferentes n\u00edveis de atua\u00e7\u00e3o, para garantir o bem-estar das popula\u00e7\u00f5es humanas.<\/p><p>A \u201cSemana de Enfermagem\u201d, institu\u00edda no Brasil por decreto presidencial em 1938, ocorre em todo o territ\u00f3rio nacional entre 12 e 20 de maio, com o objetivo de promover espa\u00e7os de encontros, trocas de experi\u00eancia e saberes sobre temas relacionados ao cuidado.<\/p><p>A Universidade do Estado do Amazonas (UEA), desde 2003, anualmente realiza a Semana de Enfermagem e a Mostra Cient\u00edfica de Enfermagem. O evento \u00e9 promovido por docentes e discentes do Curso de Gradua\u00e7\u00e3o, P\u00f3s-gradua\u00e7\u00e3o <em>Lato<\/em> e <em>Stritu Senso<\/em> de Enfermagem da Escola Superior de Ci\u00eancias da Sa\u00fade da UEA, alinhado as discuss\u00f5es propostas pela \u201cSemana Brasileira de Enfermagem\u201d (SBEn) promovida pela Associa\u00e7\u00e3o Brasileira de Enfermagem (Aben) e comp\u00f5e a \u201cSemana Amazonense Integrada\u201d.<\/p><p>Em 2024, nos dias 14 e 15 de maio, realizar\u00e1 a XXI edi\u00e7\u00e3o da Semana de Enfermagem e a XV Mostra Cient\u00edfica de Enfermagem com o tema central \u201cTecnologias para a inova\u00e7\u00e3o do cuidado de enfermagem como ferramenta para existir, resistir e evoluir\u201d. O objetivo principal do evento \u00e9 promover espa\u00e7os de discuss\u00f5es cient\u00edficas, compartilhamento de conhecimentos e pr\u00e1ticas entre docentes, discentes, profissionais de enfermagem e da \u00e1rea da sa\u00fade. A programa\u00e7\u00e3o inclui palestras, minicursos, oficinas, exposi\u00e7\u00f5es cient\u00edfica e cultural com a presen\u00e7a de nomes importantes da \u00e1rea<\/p><p><strong>Data:<\/strong> 14 e 15 de maio de 2024<br \/><strong>Local:<\/strong> Escola Superior de Ci\u00eancias da Sa\u00fade da Universidade do Estado do Amazonas.<br \/><strong>Endere\u00e7o:<\/strong> Avenida Carvalho Leal, 1777 \u2013 Cachoeirinha, Manaus-AM<\/p>\t\t\t\t\t\t\t\t<\/div>\n\t\t\t\t<\/div>\n\t\t\t\t<section class=\"elementor-section elementor-inner-section elementor-element elementor-element-620e54cc elementor-hidden-desktop elementor-hidden-tablet elementor-hidden-mobile elementor-section-boxed elementor-section-height-default elementor-section-height-default\" data-id=\"620e54cc\" data-element_type=\"section\">\n\t\t\t\t\t\t<div class=\"elementor-container elementor-column-gap-default\">\n\t\t\t\t\t<div class=\"elementor-column elementor-col-50 elementor-inner-column elementor-element elementor-element-256d523d\" data-id=\"256d523d\" data-element_type=\"column\">\n\t\t\t<div class=\"elementor-widget-wrap elementor-element-populated\">\n\t\t\t\t\t\t<div class=\"elementor-element elementor-element-597e0a07 elementor-position-left elementor-vertical-align-top elementor-widget elementor-widget-image-box\" data-id=\"597e0a07\" data-element_type=\"widget\" data-widget_type=\"image-box.default\">\n\t\t\t\t<div class=\"elementor-widget-container\">\n\t\t\t\t\t<div class=\"elementor-image-box-wrapper\"><figure class=\"elementor-image-box-img\"><img decoding=\"async\" src=\"https:\/\/eventogyn.com.br\/semanadeenfermagem\/wp-content\/uploads\/2024\/02\/jacinta_GESTAO2022-qeyhhmwzoudpt7pf4lybb2gj9jlt68tsg8w0gcbdgo.webp\" title=\"\" alt=\"\" loading=\"lazy\" \/><\/figure><div class=\"elementor-image-box-content\"><h3 class=\"elementor-image-box-title\">Profa. Dra. Jacinta de Fatima Sena da Silva<\/h3><p class=\"elementor-image-box-description\">Presidente da Associa\u00e7\u00e3o Brasileira de Enfermagem e do 19\u00b0 Semin\u00e1rio Nacional de Diretrizes para a Educa\u00e7\u00e3o em Enfermagem, o 16\u00b0 Simp\u00f3sio Nacional de Diagn\u00f3sticos de Enfermagem e o 4\u00ba Col\u00f3quio Brasileiro de Enfermagem em Sa\u00fade Mental<\/p><\/div><\/div>\t\t\t\t<\/div>\n\t\t\t\t<\/div>\n\t\t\t\t\t<\/div>\n\t\t<\/div>\n\t\t\t\t<div class=\"elementor-column elementor-col-50 elementor-inner-column elementor-element elementor-element-764660ab\" data-id=\"764660ab\" data-element_type=\"column\">\n\t\t\t<div class=\"elementor-widget-wrap elementor-element-populated\">\n\t\t\t\t\t\t<div class=\"elementor-element elementor-element-79602292 elementor-position-left elementor-vertical-align-top elementor-widget elementor-widget-image-box\" data-id=\"79602292\" data-element_type=\"widget\" data-widget_type=\"image-box.default\">\n\t\t\t\t<div class=\"elementor-widget-container\">\n\t\t\t\t\t<div class=\"elementor-image-box-wrapper\"><figure class=\"elementor-image-box-img\"><img decoding=\"async\" src=\"https:\/\/eventogyn.com.br\/semanadeenfermagem\/wp-content\/uploads\/2024\/02\/Marta-Presidente-1-qeyhlsdbvi2b37obvwjztiqtpt5664b40sm7rc5rzc.webp\" title=\"\" alt=\"\" loading=\"lazy\" \/><\/figure><div class=\"elementor-image-box-content\"><h3 class=\"elementor-image-box-title\">Enfa. Marta Val\u00e9ria Calatayud Carvalho<\/h3><p class=\"elementor-image-box-description\">Presidente da Associa\u00e7\u00e3o Brasileira de Enfermagem \u2013 Se\u00e7\u00e3o Goi\u00e1s \u2013 e Vice-Presidente do 19\u00b0 Semin\u00e1rio Nacional de Diretrizes para a Educa\u00e7\u00e3o em Enfermagem, o 16\u00b0 Simp\u00f3sio Nacional de Diagn\u00f3sticos de Enfermagem e o 4\u00ba Col\u00f3quio Brasileiro de Enfermagem em Sa\u00fade Mental<\/p><\/div><\/div>\t\t\t\t<\/div>\n\t\t\t\t<\/div>\n\t\t\t\t\t<\/div>\n\t\t<\/div>\n\t\t\t\t\t<\/div>\n\t\t<\/section>\n\t\t\t\t\t<\/div>\n\t\t<\/div>\n\t\t\t\t\t<\/div>\n\t\t<\/section>\n\t\t<div class=\"elementor-element elementor-element-b805cc4 e-flex e-con-boxed e-con e-parent\" data-id=\"b805cc4\" data-element_type=\"container\">\n\t\t\t\t\t<div class=\"e-con-inner\">\n\t\t<div class=\"elementor-element elementor-element-4954fb9 e-con-full e-flex e-con e-child\" data-id=\"4954fb9\" data-element_type=\"container\">\n\t\t\t\t<div class=\"elementor-element elementor-element-edd53b5 elementor-widget elementor-widget-button\" data-id=\"edd53b5\" data-element_type=\"widget\" data-widget_type=\"button.default\">\n\t\t\t\t<div class=\"elementor-widget-container\">\n\t\t\t\t\t\t\t\t\t<div class=\"elementor-button-wrapper\">\n\t\t\t\t\t<a class=\"elementor-button elementor-button-link elementor-size-sm\" href=\"https:\/\/eventogyn.com.br\/semanadeenfermagem\/index.php\/comissao-organizadora\/\">\n\t\t\t\t\t\t<span class=\"elementor-button-content-wrapper\">\n\t\t\t\t\t\t\t\t\t<span class=\"elementor-button-text\">Comiss\u00e3o Organizadora<\/span>\n\t\t\t\t\t<\/span>\n\t\t\t\t\t<\/a>\n\t\t\t\t<\/div>\n\t\t\t\t\t\t\t\t<\/div>\n\t\t\t\t<\/div>\n\t\t\t\t<\/div>\n\t\t<div class=\"elementor-element elementor-element-961f719 e-con-full e-flex e-con e-child\" data-id=\"961f719\" data-element_type=\"container\">\n\t\t\t\t<div class=\"elementor-element elementor-element-6c67553 elementor-widget elementor-widget-button\" data-id=\"6c67553\" data-element_type=\"widget\" data-widget_type=\"button.default\">\n\t\t\t\t<div class=\"elementor-widget-container\">\n\t\t\t\t\t\t\t\t\t<div class=\"elementor-button-wrapper\">\n\t\t\t\t\t<a class=\"elementor-button elementor-button-link elementor-size-sm\" href=\"https:\/\/eventogyn.com.br\/semanadeenfermagem\/index.php\/local-do-evento\/\">\n\t\t\t\t\t\t<span class=\"elementor-button-content-wrapper\">\n\t\t\t\t\t\t\t\t\t<span class=\"elementor-button-text\">Local do Evento<\/span>\n\t\t\t\t\t<\/span>\n\t\t\t\t\t<\/a>\n\t\t\t\t<\/div>\n\t\t\t\t\t\t\t\t<\/div>\n\t\t\t\t<\/div>\n\t\t\t\t<\/div>\n\t\t\t\t\t<\/div>\n\t\t\t\t<\/div>\n\t\t\t\t<\/div>\n\t\t","protected":false},"excerpt":{"rendered":"<p>XXI SEMANA DE ENFERMAGEMXV MOSTRA CIENT\u00cdFICA\u00a0 TECNOLOGIAS PARA A INOVA\u00c7\u00c3O DO CUIDADO DE ENFERMAGEM COMO FERRAMENTA PARA EXISTIR, RESITIR E EVOLUIR Apresenta\u00e7\u00e3o\u00a0 A profiss\u00e3o Enfermagem tem origem milenar e, em seu princ\u00edpio, se referia a quem cuidava dos desfavorecidos e doentes na comunidade. Mais tarde, as atividades da Enfermagem foram associadas a caridade e a [&hellip;]<\/p>\n","protected":false},"author":1,"featured_media":0,"parent":0,"menu_order":0,"comment_status":"closed","ping_status":"closed","template":"elementor_header_footer","meta":{"_joinchat":[],"footnotes":""},"class_list":["post-13","page","type-page","status-publish","hentry"],"aioseo_notices":[],"_links":{"self":[{"href":"https:\/\/eventogyn.com.br\/semanadeenfermagem\/wp-json\/wp\/v2\/pages\/13","targetHints":{"allow":["GET"]}}],"collection":[{"href":"https:\/\/eventogyn.com.br\/semanadeenfermagem\/wp-json\/wp\/v2\/pages"}],"about":[{"href":"https:\/\/eventogyn.com.br\/semanadeenfermagem\/wp-json\/wp\/v2\/types\/page"}],"author":[{"embeddable":true,"href":"https:\/\/eventogyn.com.br\/semanadeenfermagem\/wp-json\/wp\/v2\/users\/1"}],"replies":[{"embeddable":true,"href":"https:\/\/eventogyn.com.br\/semanadeenfermagem\/wp-json\/wp\/v2\/comments?post=13"}],"version-history":[{"count":58,"href":"https:\/\/eventogyn.com.br\/semanadeenfermagem\/wp-json\/wp\/v2\/pages\/13\/revisions"}],"predecessor-version":[{"id":974,"href":"https:\/\/eventogyn.com.br\/semanadeenfermagem\/wp-json\/wp\/v2\/pages\/13\/revisions\/974"}],"wp:attachment":[{"href":"https:\/\/eventogyn.com.br\/semanadeenfermagem\/wp-json\/wp\/v2\/media?parent=13"}],"curies":[{"name":"wp","href":"https:\/\/api.w.org\/{rel}","templated":true}]}}