{"id":25,"date":"2023-12-19T16:35:06","date_gmt":"2023-12-19T19:35:06","guid":{"rendered":"https:\/\/ccmed.com.br\/sepse\/?page_id=25"},"modified":"2024-05-10T12:35:59","modified_gmt":"2024-05-10T15:35:59","slug":"programacao","status":"publish","type":"page","link":"https:\/\/eventogyn.com.br\/semanadeenfermagem\/programacao\/","title":{"rendered":"Programa\u00e7\u00e3o"},"content":{"rendered":"\t\t<div data-elementor-type=\"wp-page\" data-elementor-id=\"25\" class=\"elementor elementor-25\" data-elementor-post-type=\"page\">\n\t\t\t\t<div class=\"elementor-element elementor-element-7fa415b3 e-flex e-con-boxed e-con e-parent\" data-id=\"7fa415b3\" data-element_type=\"container\" data-settings=\"{&quot;background_background&quot;:&quot;classic&quot;}\">\n\t\t\t\t\t<div class=\"e-con-inner\">\n\t\t\t\t\t<\/div>\n\t\t\t\t<\/div>\n\t\t<div class=\"elementor-element elementor-element-b589ba1 e-flex e-con-boxed e-con e-parent\" data-id=\"b589ba1\" data-element_type=\"container\">\n\t\t\t\t\t<div class=\"e-con-inner\">\n\t\t\t\t<div class=\"elementor-element elementor-element-71a6d62 elementor-tabs-view-vertical elementor-widget elementor-widget-tabs\" data-id=\"71a6d62\" data-element_type=\"widget\" data-widget_type=\"tabs.default\">\n\t\t\t\t<div class=\"elementor-widget-container\">\n\t\t\t\t\t\t\t<div class=\"elementor-tabs\">\n\t\t\t<div class=\"elementor-tabs-wrapper\" role=\"tablist\" >\n\t\t\t\t\t\t\t\t\t<div id=\"elementor-tab-title-1191\" class=\"elementor-tab-title elementor-tab-desktop-title\" aria-selected=\"true\" data-tab=\"1\" role=\"tab\" tabindex=\"0\" aria-controls=\"elementor-tab-content-1191\" aria-expanded=\"false\">Segunda-feira, 13 de maio<\/div>\n\t\t\t\t\t\t\t\t\t<div id=\"elementor-tab-title-1192\" class=\"elementor-tab-title elementor-tab-desktop-title\" aria-selected=\"false\" data-tab=\"2\" role=\"tab\" tabindex=\"-1\" aria-controls=\"elementor-tab-content-1192\" aria-expanded=\"false\">Ter\u00e7a-feira, 14 de maio<\/div>\n\t\t\t\t\t\t\t\t\t<div id=\"elementor-tab-title-1193\" class=\"elementor-tab-title elementor-tab-desktop-title\" aria-selected=\"false\" data-tab=\"3\" role=\"tab\" tabindex=\"-1\" aria-controls=\"elementor-tab-content-1193\" aria-expanded=\"false\">Quarta-feira, 15 de maio<\/div>\n\t\t\t\t\t\t\t\t\t<div id=\"elementor-tab-title-1194\" class=\"elementor-tab-title elementor-tab-desktop-title\" aria-selected=\"false\" data-tab=\"4\" role=\"tab\" tabindex=\"-1\" aria-controls=\"elementor-tab-content-1194\" aria-expanded=\"false\">Quinta-feira, 16 de maio<\/div>\n\t\t\t\t\t\t\t<\/div>\n\t\t\t<div class=\"elementor-tabs-content-wrapper\" role=\"tablist\" aria-orientation=\"vertical\">\n\t\t\t\t\t\t\t\t\t<div class=\"elementor-tab-title elementor-tab-mobile-title\" aria-selected=\"true\" data-tab=\"1\" role=\"tab\" tabindex=\"0\" aria-controls=\"elementor-tab-content-1191\" aria-expanded=\"false\">Segunda-feira, 13 de maio<\/div>\n\t\t\t\t\t<div id=\"elementor-tab-content-1191\" class=\"elementor-tab-content elementor-clearfix\" data-tab=\"1\" role=\"tabpanel\" aria-labelledby=\"elementor-tab-title-1191\" tabindex=\"0\" hidden=\"false\"><table width=\"641\"><tbody><tr><td width=\"132\"><p><strong>Hor\u00e1rio<\/strong><\/p><\/td><td width=\"359\"><p><strong>Atividade <\/strong><\/p><\/td><td width=\"149\"><p><strong>Local <\/strong><\/p><\/td><\/tr><tr><td width=\"132\"><p>\u00a0<\/p><p><strong>14H00 \u00e0s 17H00 <\/strong><\/p><\/td><td width=\"359\"><p>Minicursos<\/p><p>(verificar portif\u00f3lio ou <a href=\"https:\/\/eventogyn.com.br\/semanadeenfermagem\/minicursos\/\">clique aqui<\/a>)<\/p><\/td><td width=\"149\"><p>\u00a0<\/p><p><strong>Audit\u00f3rios e salas de aula<\/strong><\/p><\/td><\/tr><\/tbody><\/table><p>\u00a0<\/p><\/div>\n\t\t\t\t\t\t\t\t\t<div class=\"elementor-tab-title elementor-tab-mobile-title\" aria-selected=\"false\" data-tab=\"2\" role=\"tab\" tabindex=\"-1\" aria-controls=\"elementor-tab-content-1192\" aria-expanded=\"false\">Ter\u00e7a-feira, 14 de maio<\/div>\n\t\t\t\t\t<div id=\"elementor-tab-content-1192\" class=\"elementor-tab-content elementor-clearfix\" data-tab=\"2\" role=\"tabpanel\" aria-labelledby=\"elementor-tab-title-1192\" tabindex=\"0\" hidden=\"hidden\"><table width=\"643\"><tbody><tr><td width=\"132\"><p><strong>Hor\u00e1rio<\/strong><\/p><\/td><td width=\"359\"><p><strong>Atividade <\/strong><\/p><\/td><td width=\"151\"><p><strong>Local <\/strong><\/p><\/td><\/tr><tr><td width=\"132\"><p><strong>8H00 \u00e0s 9H00<\/strong><\/p><\/td><td width=\"359\"><p>Credenciamento<\/p><p><strong>\u00a0<\/strong><\/p><\/td><td rowspan=\"4\" width=\"151\"><p><strong>\u00a0<\/strong><\/p><p><strong>\u00a0<\/strong><\/p><p><strong>\u00a0<\/strong><\/p><p><strong>\u00a0<\/strong><\/p><p><strong>\u00a0<\/strong><\/p><p><strong>Audit\u00f3rio<\/strong><\/p><p><strong>3\u00ba. Andar<\/strong><\/p><p><strong>Pr\u00e9dio Administrativo<\/strong><\/p><\/td><\/tr><tr><td width=\"132\"><p><strong>9H00 \u00e0s 10H00<\/strong><\/p><\/td><td width=\"359\"><p>Mesa de abertura<\/p><\/td><\/tr><tr><td width=\"132\"><p><strong>\u00a0<\/strong><\/p><p><strong>10h00 \u00e0s 10H30<\/strong><\/p><\/td><td width=\"359\"><p>Atra\u00e7\u00e3o cultural<\/p><p>\u00a0<\/p><p><strong>Coral Euler Ribeiro <\/strong><\/p><p><strong>\u00a0<\/strong><\/p><\/td><\/tr><tr><td width=\"132\"><p><strong>\u00a0<\/strong><\/p><p><strong>\u00a0<\/strong><\/p><p><strong>\u00a0<\/strong><\/p><p><strong>10:30H00 \u00e0s 12H00<\/strong><\/p><\/td><td width=\"359\"><p><strong>Confer\u00eancia de abertura<\/strong><\/p><p><strong>\u201cTecnologias e inova\u00e7\u00e3o em sa\u00fade: da pol\u00edtica a pr\u00e1tica do cuidado\u201d<\/strong><\/p><p><strong>\u00a0<\/strong><\/p><p>Profa. Dra. Alacoque Lorenzini Erdmann (UFSC)<\/p><p>Profa. Dra. C\u00e2ndida Cani\u00e7ali Primo (UFES)<\/p><\/td><\/tr><tr><td width=\"132\"><p><strong>12H00 \u00e0s 14H00<\/strong><\/p><\/td><td width=\"359\"><p>\u00a0<\/p><p>Intervalo para almo\u00e7o<\/p><p>\u00a0<\/p><\/td><td width=\"151\"><p>\u00a0<\/p><\/td><\/tr><tr><td width=\"132\"><p><strong>14H00 \u00e0s 17H00<\/strong><\/p><\/td><td width=\"359\"><p>Minicursos e oficinas<\/p><\/td><td width=\"151\"><p><strong>Audit\u00f3rios e salas de aula<\/strong><\/p><\/td><\/tr><tr><td rowspan=\"3\" width=\"132\"><p><strong>\u00a0<\/strong><\/p><p><strong>\u00a0<\/strong><\/p><p><strong>\u00a0<\/strong><\/p><p><strong>\u00a0<\/strong><\/p><p><strong>\u00a0<\/strong><\/p><p><strong>9H00 \u00e0s 17H00<\/strong><\/p><\/td><td width=\"359\"><p>Exposi\u00e7\u00f5es<\/p><p>\u00a0<\/p><p>\u201c<strong>Teorias de Enfermagem<\/strong>\u201d<\/p><\/td><td width=\"151\"><p><strong>\u00a0<\/strong><\/p><p><strong>Hall de entrada <\/strong><\/p><p><strong>Pr\u00e9dio Anexo<\/strong><\/p><p><strong>\u00a0<\/strong><\/p><\/td><\/tr><tr><td width=\"359\"><p><strong>\u00a0<\/strong><\/p><p><strong>\u201cChegadas e Partidas\u201d<\/strong><\/p><\/td><td width=\"151\"><p><strong>Corredor <\/strong><\/p><p><strong>3\u00ba. Andar<br \/>Pr\u00e9dio Anexo<\/strong><\/p><\/td><\/tr><tr><td width=\"359\"><p><strong>\u201cEnfermagem na promo\u00e7\u00e3o da sa\u00fade da crian\u00e7a, fam\u00edlia e comunidade: alimentar e nutrir mais saud\u00e1vel\u201d<\/strong><\/p><\/td><td width=\"151\"><p><strong>\u00a0<\/strong><\/p><p><strong>Hall de entrada <\/strong><\/p><p><strong>Pr\u00e9dio Administrativo<\/strong><\/p><\/td><\/tr><\/tbody><\/table><\/div>\n\t\t\t\t\t\t\t\t\t<div class=\"elementor-tab-title elementor-tab-mobile-title\" aria-selected=\"false\" data-tab=\"3\" role=\"tab\" tabindex=\"-1\" aria-controls=\"elementor-tab-content-1193\" aria-expanded=\"false\">Quarta-feira, 15 de maio<\/div>\n\t\t\t\t\t<div id=\"elementor-tab-content-1193\" class=\"elementor-tab-content elementor-clearfix\" data-tab=\"3\" role=\"tabpanel\" aria-labelledby=\"elementor-tab-title-1193\" tabindex=\"0\" hidden=\"hidden\"><table width=\"643\"><tbody><tr><td width=\"132\"><strong>Hor\u00e1rio<\/strong><\/td><td width=\"393\"><strong>Atividade <\/strong><\/td><td width=\"117\"><strong>Local <\/strong><\/td><\/tr><tr><td width=\"132\"><p><strong>\u00a0<\/strong><\/p><p><strong>\u00a0<\/strong><\/p><p><strong>\u00a0<\/strong><\/p><p><strong>\u00a0<\/strong><\/p><p><strong>9:00H00 \u00e0s 10H45<\/strong><\/p><\/td><td width=\"393\"><p>Confer\u00eancia<\/p><p><strong>\u201cTecnologias educacionais e sociais na produ\u00e7\u00e3o de sa\u00fade\u201d<\/strong><\/p><p><strong>\u00a0<\/strong>Prof. Dr. Clet\u00f3n Salbego<\/p><p>(UniBrasil &#8211; PR)<\/p><p>Profa. Dra. Denise Machado Dur\u00e1n Gutierrez<\/p><p>(INPA)<\/p><p>Prof. Dr. Paulo Elias Gotardelo Audebert Delage<\/p><p>(UEPA)<\/p><\/td><td rowspan=\"3\" width=\"117\"><p><strong>\u00a0<\/strong><\/p><p><strong>\u00a0<\/strong><\/p><p><strong>\u00a0<\/strong><\/p><p><strong>\u00a0<\/strong><\/p><p><strong>\u00a0<\/strong><\/p><p><strong>\u00a0<\/strong><\/p><p><strong>\u00a0<\/strong><\/p><p><strong>\u00a0<\/strong><\/p><p><strong>Audit\u00f3rio <\/strong><\/p><p><strong>3\u00ba. Andar<\/strong><\/p><p><strong>\u00a0Pr\u00e9dio Administrativo<\/strong><\/p><\/td><\/tr><tr><td width=\"132\"><strong>10H45 \u00e0s 11H30<\/strong><\/td><td width=\"393\"><p>Palestra<\/p><p>\u201c<strong>Inova\u00e7\u00f5es tecnol\u00f3gicas e o processo de enfermagem\u201d <\/strong><\/p><p><strong>\u00a0<\/strong>Prof. Dr. Rinaldo de Souza Neves (COREN-DF)<\/p><\/td><\/tr><tr><td width=\"132\"><p><strong>\u00a0<\/strong><\/p><p><strong>\u00a0<\/strong><\/p><p><strong>\u00a0<\/strong><\/p><p><strong>11H30 \u00e0s 12H30<\/strong><\/p><\/td><td width=\"393\"><p><strong>\u00a0<\/strong><strong>Conversa com autores<\/strong><\/p><p><strong>\u00a0<\/strong><strong>Dr. Esron Soares Carvalho Rocha<\/strong><\/p><p>\u201cGloss\u00e1rio da linguagem especial de enfermagem para a pr\u00e1tica junto aos povos ind\u00edgenas no contexto amaz\u00f4nico\u201d<\/p><p><strong>Dra. Maria de Nazar\u00e9 dos Santos Ribeiro<\/strong><\/p><p>\u201cProdu\u00e7\u00f5es t\u00e9cnicas e tecnol\u00f3gicas em enfermagem\u201d<\/p><p><strong>\u00a0<\/strong><strong>Dr. Rinaldo de Souza Neves<\/strong><\/p><p>\u201cLes\u00f5es cut\u00e2neas e estomias no cuidado baseado na aplica\u00e7\u00e3o de tecnologias em sa\u00fade\u201d<\/p><\/td><\/tr><tr><td width=\"132\"><strong>12H30 \u00e0s 14H00<\/strong><\/td><td width=\"393\">Intervalo para o Almo\u00e7o<\/td><td width=\"117\">\u00a0<\/td><\/tr><tr><td rowspan=\"4\" width=\"132\"><p><strong>\u00a0<\/strong><\/p><p><strong>\u00a0<\/strong><\/p><p><strong>\u00a0<\/strong><\/p><p><strong>\u00a0<\/strong><\/p><p><strong>8H00 \u00e0s 17H00<\/strong><\/p><p><strong>\u00a0<\/strong><\/p><p><strong>\u00a0<\/strong><\/p><\/td><td width=\"393\"><p>Exposi\u00e7\u00f5es<\/p><p><strong>\u00a0<\/strong>\u201c<strong>Teorias De Enfermagem<\/strong>\u201d<\/p><\/td><td width=\"117\"><p><strong>Hall de entrada <\/strong><\/p><p><strong>Pr\u00e9dio Anexo<\/strong><\/p><\/td><\/tr><tr><td width=\"393\"><strong>\u201cAnimais Pe\u00e7onhentos\u201d<\/strong><\/td><td width=\"117\"><p><strong>Sala 3.2<\/strong><\/p><p><strong>3\u00ba. Andar<br \/>Pr\u00e9dio Anexo<\/strong><\/p><\/td><\/tr><tr><td width=\"393\"><strong>\u00a0<\/strong><strong>\u201cChegadas e Partidas\u201d<\/strong><\/td><td width=\"117\"><p><strong>Corredor <\/strong><\/p><p><strong>3\u00ba. Andar<br \/>Pr\u00e9dio Anexo<\/strong><\/p><\/td><\/tr><tr><td width=\"393\"><strong>\u00a0<\/strong><strong>\u201cEntre Hist\u00f3rias: as m\u00faltiplas faces do cuidado\u201d<\/strong><\/td><td width=\"117\"><p><strong>Audit\u00f3rio<\/strong><\/p><p><strong>3\u00ba. andar<\/strong><\/p><p><strong>Pr\u00e9dio Administrativo<\/strong><\/p><\/td><\/tr><tr><td width=\"132\"><p><strong>\u00a0<\/strong><\/p><p><strong>9H00 \u00e0s 12H00<\/strong><\/p><\/td><td width=\"393\"><strong>\u00a0<\/strong><strong>\u201cEnfermagem na promo\u00e7\u00e3o da sa\u00fade da crian\u00e7a, fam\u00edlia e comunidade: alimentar e nutrir mais saud\u00e1vel\u201d<\/strong><\/td><td width=\"117\"><p><strong>\u00a0<\/strong><\/p><p><strong>Hall de entrada <\/strong><\/p><p><strong>Pr\u00e9dio Administrativo<\/strong><\/p><\/td><\/tr><\/tbody><\/table><table width=\"643\"><tbody><tr><td colspan=\"3\" width=\"643\"><p><strong>\u00a0<\/strong><\/p><p><strong>XV Mostra Cient\u00edfica<\/strong><\/p><p><strong>\u00a0<\/strong><\/p><\/td><\/tr><tr><td rowspan=\"2\" width=\"132\"><p><strong>\u00a0<\/strong><\/p><p><strong>\u00a0<\/strong><\/p><p><strong>\u00a0<\/strong><\/p><p><strong>\u00a0<\/strong><\/p><p><strong>14H00 \u00e0s 16H00<\/strong><\/p><\/td><td width=\"393\"><p><strong>Apresenta\u00e7\u00f5es<\/strong><\/p><p><strong>\u00a0<\/strong><\/p><p>Modalidade Comunica\u00e7\u00e3o Coordenada<\/p><p><strong>\u00a0<\/strong><\/p><\/td><td width=\"117\"><p><strong>Salas 3.3 \u2013 3.6 \u2013 3.8<\/strong><\/p><p><strong>3\u00ba. Andar<\/strong><\/p><p><strong>Pr\u00e9dio Anexo<\/strong><\/p><\/td><\/tr><tr><td width=\"393\"><p>\u00a0<\/p><p>Modalidade P\u00f4ster Eletr\u00f4nico<\/p><\/td><td width=\"117\"><p><strong>Sala 3.4 <\/strong><\/p><p><strong>3\u00ba. andar<\/strong><\/p><p><strong>Pr\u00e9dio Administrativo<\/strong><\/p><\/td><\/tr><tr><td width=\"132\"><p><strong>\u00a0<\/strong><\/p><p><strong>16H30 \u00e0s 17H30<\/strong><\/p><\/td><td width=\"393\"><p><strong>\u00a0<\/strong><\/p><p><strong>Premia\u00e7\u00e3o para melhores trabalhos<\/strong><\/p><\/td><td rowspan=\"2\" width=\"117\"><p><strong>\u00a0<\/strong><\/p><p><strong>\u00a0<\/strong><\/p><p><strong>Audit\u00f3rio<\/strong><\/p><p><strong>3\u00ba. andar<\/strong><\/p><p><strong>Pr\u00e9dio Administrativo<\/strong><\/p><\/td><\/tr><tr><td width=\"132\"><p><strong>\u00a0<\/strong><\/p><p><strong>\u00a0<\/strong><\/p><p><strong>17H30 \u00e0s 18H00<\/strong><\/p><\/td><td width=\"393\"><p>Encerramento<\/p><p><strong>\u00a0<\/strong><\/p><p><strong>Orquestra Sinf\u00f4nica da Universidade do Estado do Amazonas<\/strong><\/p><p><strong>\u00a0<\/strong><\/p><\/td><\/tr><tr><td width=\"132\"><p><strong>\u00a0<\/strong><\/p><p><strong>18H00 \u00e0s 19H00<\/strong><\/p><\/td><td width=\"393\"><p><strong>Coquetel <\/strong><\/p><\/td><td width=\"117\"><p><strong>Sala 3.1 <\/strong><\/p><p><strong>3\u00ba. andar<\/strong><\/p><p><strong>Pr\u00e9dio Administrativo<\/strong><\/p><\/td><\/tr><\/tbody><\/table><p><strong>\u00a0<\/strong><\/p><\/div>\n\t\t\t\t\t\t\t\t\t<div class=\"elementor-tab-title elementor-tab-mobile-title\" aria-selected=\"false\" data-tab=\"4\" role=\"tab\" tabindex=\"-1\" aria-controls=\"elementor-tab-content-1194\" aria-expanded=\"false\">Quinta-feira, 16 de maio<\/div>\n\t\t\t\t\t<div id=\"elementor-tab-content-1194\" class=\"elementor-tab-content elementor-clearfix\" data-tab=\"4\" role=\"tabpanel\" aria-labelledby=\"elementor-tab-title-1194\" tabindex=\"0\" hidden=\"hidden\"><table width=\"641\"><tbody><tr><td width=\"113\"><p><strong>Hor\u00e1rio<\/strong><\/p><\/td><td width=\"378\"><p><strong>Atividade <\/strong><\/p><\/td><td width=\"149\"><p><strong>Local <\/strong><\/p><\/td><\/tr><tr><td width=\"113\"><p><strong>\u00a0<\/strong><\/p><p><strong>\u00a0<\/strong><\/p><p><strong>\u00a0<\/strong><\/p><p><strong>\u00a0<\/strong><\/p><p><strong>4<\/strong><\/p><p><strong>10H00 \u00e0s 12H00<\/strong><\/p><\/td><td width=\"378\"><p>\u00a0<\/p><p>Confer\u00eancia Internacional<\/p><p>\u00a0<\/p><p>\u201c<strong>Mobilidade internacional e o desenvolvimento acad\u00eamico em sa\u00fade e enfermagem<\/strong>\u201d<\/p><p>\u00a0<\/p><p>Enf. Jo\u00e3o Paulo Bessa de Lima (Fl\u00f3rida EUA)<\/p><p>Enf. Adria Nobre (Tun\u00edsia)<\/p><p>Enf. Adilson Nobre<\/p><p>Profa. Dra. Vanubia Moncayo (UEA)<\/p><p>Profa. Dra. Gisele Torrente (UEA)<\/p><p>Profa. Msa. Alessandra Cristina da Silva (UEA)<\/p><\/td><td width=\"149\"><p><strong>\u00a0<\/strong><\/p><p><strong>\u00a0<\/strong><\/p><p><strong>\u00a0<\/strong><\/p><p><strong>Audit\u00f3rio Telessa\u00fade<\/strong><\/p><p><strong>4\u00ba. Andar<\/strong><\/p><p><strong>Pr\u00e9dio administrativo<\/strong><\/p><\/td><\/tr><\/tbody><\/table><\/div>\n\t\t\t\t\t\t\t<\/div>\n\t\t<\/div>\n\t\t\t\t\t\t<\/div>\n\t\t\t\t<\/div>\n\t\t\t\t\t<\/div>\n\t\t\t\t<\/div>\n\t\t\t\t<\/div>\n\t\t","protected":false},"excerpt":{"rendered":"<p>Segunda-feira, 13 de maio Ter\u00e7a-feira, 14 de maio Quarta-feira, 15 de maio Quinta-feira, 16 de maio Segunda-feira, 13 de maio Hor\u00e1rio Atividade Local \u00a0 14H00 \u00e0s 17H00 Minicursos (verificar portif\u00f3lio ou clique aqui) \u00a0 Audit\u00f3rios e salas de aula \u00a0 Ter\u00e7a-feira, 14 de maio Hor\u00e1rio Atividade Local 8H00 \u00e0s 9H00 Credenciamento \u00a0 \u00a0 \u00a0 \u00a0 [&hellip;]<\/p>\n","protected":false},"author":1,"featured_media":0,"parent":0,"menu_order":0,"comment_status":"closed","ping_status":"closed","template":"elementor_header_footer","meta":{"_joinchat":[],"footnotes":""},"class_list":["post-25","page","type-page","status-publish","hentry"],"aioseo_notices":[],"_links":{"self":[{"href":"https:\/\/eventogyn.com.br\/semanadeenfermagem\/wp-json\/wp\/v2\/pages\/25","targetHints":{"allow":["GET"]}}],"collection":[{"href":"https:\/\/eventogyn.com.br\/semanadeenfermagem\/wp-json\/wp\/v2\/pages"}],"about":[{"href":"https:\/\/eventogyn.com.br\/semanadeenfermagem\/wp-json\/wp\/v2\/types\/page"}],"author":[{"embeddable":true,"href":"https:\/\/eventogyn.com.br\/semanadeenfermagem\/wp-json\/wp\/v2\/users\/1"}],"replies":[{"embeddable":true,"href":"https:\/\/eventogyn.com.br\/semanadeenfermagem\/wp-json\/wp\/v2\/comments?post=25"}],"version-history":[{"count":37,"href":"https:\/\/eventogyn.com.br\/semanadeenfermagem\/wp-json\/wp\/v2\/pages\/25\/revisions"}],"predecessor-version":[{"id":1291,"href":"https:\/\/eventogyn.com.br\/semanadeenfermagem\/wp-json\/wp\/v2\/pages\/25\/revisions\/1291"}],"wp:attachment":[{"href":"https:\/\/eventogyn.com.br\/semanadeenfermagem\/wp-json\/wp\/v2\/media?parent=25"}],"curies":[{"name":"wp","href":"https:\/\/api.w.org\/{rel}","templated":true}]}}